 {"id":2349,"date":"2025-09-10T17:32:18","date_gmt":"2025-09-10T14:32:18","guid":{"rendered":"https:\/\/www.etsgelisim.com\/?page_id=2349"},"modified":"2025-09-10T17:32:18","modified_gmt":"2025-09-10T14:32:18","slug":"blog","status":"publish","type":"page","link":"https:\/\/www.etsgelisim.com\/?page_id=2349","title":{"rendered":"Blog"},"content":{"rendered":"<!-- AddThis Advanced Settings generic via filter on the_content --><!-- AddThis Share Buttons generic via filter on the_content -->","protected":false},"excerpt":{"rendered":"<p><!-- AddThis Advanced Settings generic via filter on wp_trim_excerpt --><!-- AddThis Share Buttons generic via filter on wp_trim_excerpt --><\/p>\n","protected":false},"author":1,"featured_media":0,"parent":0,"menu_order":0,"comment_status":"closed","ping_status":"closed","template":"","meta":{"footnotes":""},"class_list":["post-2349","page","type-page","status-publish","hentry"],"yoast_head":"<!-- This site is optimized with the Yoast SEO plugin v27.4 - https:\/\/yoast.com\/product\/yoast-seo-wordpress\/ -->\n<title>Blog - Etsgelisim.com<\/title>\n<meta name=\"robots\" content=\"index, follow, max-snippet:-1, max-image-preview:large, max-video-preview:-1\" \/>\n<link rel=\"canonical\" href=\"https:\/\/www.etsgelisim.com\/?page_id=2349\" \/>\n<meta property=\"og:locale\" content=\"tr_TR\" \/>\n<meta property=\"og:type\" content=\"article\" \/>\n<meta property=\"og:title\" content=\"Blog - Etsgelisim.com\" \/>\n<meta property=\"og:url\" content=\"https:\/\/www.etsgelisim.com\/?page_id=2349\" \/>\n<meta property=\"og:site_name\" content=\"Etsgelisim.com\" \/>\n<script type=\"application\/ld+json\" class=\"yoast-schema-graph\">{\"@context\":\"https:\\\/\\\/schema.org\",\"@graph\":[{\"@type\":\"WebPage\",\"@id\":\"https:\\\/\\\/www.etsgelisim.com\\\/?page_id=2349\",\"url\":\"https:\\\/\\\/www.etsgelisim.com\\\/?page_id=2349\",\"name\":\"Blog - Etsgelisim.com\",\"isPartOf\":{\"@id\":\"https:\\\/\\\/www.etsgelisim.com\\\/#website\"},\"datePublished\":\"2025-09-10T14:32:18+00:00\",\"breadcrumb\":{\"@id\":\"https:\\\/\\\/www.etsgelisim.com\\\/?page_id=2349#breadcrumb\"},\"inLanguage\":\"tr\",\"potentialAction\":[{\"@type\":\"ReadAction\",\"target\":[\"https:\\\/\\\/www.etsgelisim.com\\\/?page_id=2349\"]}]},{\"@type\":\"BreadcrumbList\",\"@id\":\"https:\\\/\\\/www.etsgelisim.com\\\/?page_id=2349#breadcrumb\",\"itemListElement\":[{\"@type\":\"ListItem\",\"position\":1,\"name\":\"Anasayfa\",\"item\":\"https:\\\/\\\/www.etsgelisim.com\\\/\"},{\"@type\":\"ListItem\",\"position\":2,\"name\":\"Blog\"}]},{\"@type\":\"WebSite\",\"@id\":\"https:\\\/\\\/www.etsgelisim.com\\\/#website\",\"url\":\"https:\\\/\\\/www.etsgelisim.com\\\/\",\"name\":\"Etsgelisim.com\",\"description\":\"E\u011fitim ve dan\u0131\u015fmanl\u0131k hizmetlerimizi kapsayan referanslar\u0131m\u0131z i\u00e7in, bize yaz\u0131n veya bizi aray\u0131n.\",\"potentialAction\":[{\"@type\":\"SearchAction\",\"target\":{\"@type\":\"EntryPoint\",\"urlTemplate\":\"https:\\\/\\\/www.etsgelisim.com\\\/?s={search_term_string}\"},\"query-input\":{\"@type\":\"PropertyValueSpecification\",\"valueRequired\":true,\"valueName\":\"search_term_string\"}}],\"inLanguage\":\"tr\"}]}<\/script>\n<!-- \/ Yoast SEO plugin. -->","yoast_head_json":{"title":"Blog - Etsgelisim.com","robots":{"index":"index","follow":"follow","max-snippet":"max-snippet:-1","max-image-preview":"max-image-preview:large","max-video-preview":"max-video-preview:-1"},"canonical":"https:\/\/www.etsgelisim.com\/?page_id=2349","og_locale":"tr_TR","og_type":"article","og_title":"Blog - Etsgelisim.com","og_url":"https:\/\/www.etsgelisim.com\/?page_id=2349","og_site_name":"Etsgelisim.com","schema":{"@context":"https:\/\/schema.org","@graph":[{"@type":"WebPage","@id":"https:\/\/www.etsgelisim.com\/?page_id=2349","url":"https:\/\/www.etsgelisim.com\/?page_id=2349","name":"Blog - Etsgelisim.com","isPartOf":{"@id":"https:\/\/www.etsgelisim.com\/#website"},"datePublished":"2025-09-10T14:32:18+00:00","breadcrumb":{"@id":"https:\/\/www.etsgelisim.com\/?page_id=2349#breadcrumb"},"inLanguage":"tr","potentialAction":[{"@type":"ReadAction","target":["https:\/\/www.etsgelisim.com\/?page_id=2349"]}]},{"@type":"BreadcrumbList","@id":"https:\/\/www.etsgelisim.com\/?page_id=2349#breadcrumb","itemListElement":[{"@type":"ListItem","position":1,"name":"Anasayfa","item":"https:\/\/www.etsgelisim.com\/"},{"@type":"ListItem","position":2,"name":"Blog"}]},{"@type":"WebSite","@id":"https:\/\/www.etsgelisim.com\/#website","url":"https:\/\/www.etsgelisim.com\/","name":"Etsgelisim.com","description":"E\u011fitim ve dan\u0131\u015fmanl\u0131k hizmetlerimizi kapsayan referanslar\u0131m\u0131z i\u00e7in, bize yaz\u0131n veya bizi aray\u0131n.","potentialAction":[{"@type":"SearchAction","target":{"@type":"EntryPoint","urlTemplate":"https:\/\/www.etsgelisim.com\/?s={search_term_string}"},"query-input":{"@type":"PropertyValueSpecification","valueRequired":true,"valueName":"search_term_string"}}],"inLanguage":"tr"}]}},"amp_enabled":true,"_links":{"self":[{"href":"https:\/\/www.etsgelisim.com\/index.php?rest_route=\/wp\/v2\/pages\/2349","targetHints":{"allow":["GET"]}}],"collection":[{"href":"https:\/\/www.etsgelisim.com\/index.php?rest_route=\/wp\/v2\/pages"}],"about":[{"href":"https:\/\/www.etsgelisim.com\/index.php?rest_route=\/wp\/v2\/types\/page"}],"author":[{"embeddable":true,"href":"https:\/\/www.etsgelisim.com\/index.php?rest_route=\/wp\/v2\/users\/1"}],"replies":[{"embeddable":true,"href":"https:\/\/www.etsgelisim.com\/index.php?rest_route=%2Fwp%2Fv2%2Fcomments&post=2349"}],"version-history":[{"count":0,"href":"https:\/\/www.etsgelisim.com\/index.php?rest_route=\/wp\/v2\/pages\/2349\/revisions"}],"wp:attachment":[{"href":"https:\/\/www.etsgelisim.com\/index.php?rest_route=%2Fwp%2Fv2%2Fmedia&parent=2349"}],"curies":[{"name":"wp","href":"https:\/\/api.w.org\/{rel}","templated":true}]}}